{"id":636,"date":"2021-10-27T15:05:59","date_gmt":"2021-10-27T15:05:59","guid":{"rendered":"https:\/\/visitergchegaga.com\/contact\/"},"modified":"2024-01-22T11:56:52","modified_gmt":"2024-01-22T11:56:52","slug":"contact","status":"publish","type":"page","link":"https:\/\/visitergchegaga.com\/en\/contact\/","title":{"rendered":"Contact"},"content":{"rendered":"\n<iframe src=\"https:\/\/www.google.com\/maps\/embed?pb=!1m18!1m12!1m3!1d27218.760804709684!2d-8.21856990438031!3d31.487196800633818!2m3!1f0!2f0!3f0!3m2!1i1024!2i768!4f13.1!3m3!1m2!1s0xdafdc6f683b8ba9%3A0xed7eaae2df67ffc7!2sAgafay!5e0!3m2!1sfr!2sma!4v1696772535132!5m2!1sfr!2sma\" width=\"100%\" height=\"450\" style=\"border:0;\" allowfullscreen=\"\" loading=\"lazy\" referrerpolicy=\"no-referrer-when-downgrade\"><\/iframe>\n\n\n\n<div id=\"block-7b09b8-854d-4a\" class=\"wp-block-gutenbee-container block-7b09b8-854d-4a gutenbee-overflow-hidden\"><style>.wp-block-gutenbee-container.block-7b09b8-854d-4a { align-items: center; justify-content: center; }<\/style><div class=\"wp-block-gutenbee-container-inner\"><div class=\"wp-block-gutenbee-container-row wp-block-gutenbee-container-lg\">\n<div class=\"wp-block-gutenbee-column block-1b3e10-6d5a-44\"><style>.wp-block-gutenbee-column.block-1b3e10-6d5a-44 > .wp-block-gutenbee-column-content { padding: 20px 20px 20px 20px; justify-content: center; }\n.wp-block-gutenbee-column.block-1b3e10-6d5a-44 { flex-basis: 50%; }\n\n\n      @media (max-width: 991px) {\n        .wp-block-gutenbee-column.block-1b3e10-6d5a-44 > .wp-block-gutenbee-column-content { margin-bottom: 15px; }\n.wp-block-gutenbee-column.block-1b3e10-6d5a-44 { flex-basis: 100%; }\n      }\n    \n\n      @media (max-width: 575px) {\n        .wp-block-gutenbee-column.block-1b3e10-6d5a-44 { flex-basis: 100%; }\n      }<\/style><div class=\"wp-block-gutenbee-column-content\" style=\"background-color:#f1f1f1\">\n<p id=\"block-40dfbf-dd02-4f\" class=\"wp-block-gutenbee-paragraph block-40dfbf-dd02-4f\"><strong>Adress:<br>Abdelhak Lahmidi<\/strong>, Foum Zguid, Maroc<\/p><style>.wp-block-gutenbee-paragraph.block-40dfbf-dd02-4f { margin-bottom: 10px; font-size: 14px; }<\/style>\n\n\n\n<p id=\"block-266b18-f0b3-4a\" class=\"wp-block-gutenbee-paragraph block-266b18-f0b3-4a\"><strong>Contact phone:<br><\/strong>+212 611-069843<\/p><style>.wp-block-gutenbee-paragraph.block-266b18-f0b3-4a { margin-bottom: 10px; font-size: 14px; }<\/style>\n\n\n\n<p id=\"block-fd81d1-4958-4e\" class=\"wp-block-gutenbee-paragraph block-fd81d1-4958-4e\"><strong>Email :<br><\/strong><a href=\"#\">contact[<\/a><a href=\"mailto:contact@visitfoumzguid.com\">@]visitergchegaga.com<\/a><\/p><style>.wp-block-gutenbee-paragraph.block-fd81d1-4958-4e { margin-bottom: 10px; font-size: 14px; }<\/style>\n<\/div><\/div>\n<\/div><\/div><div class=\"wp-block-gutenbee-container-background\" data-parallax-speed=\"0.3\"><\/div><\/div>\n\n\n\n<p>Discover tours and excursions to Erg Chegaga from Foum Zguid, Agadir, and Marrakech. Experience a unique adventure in the Moroccan desert with us.<\/p>\n\n\n<div class=\"wpforms-container wpforms-container-full wpforms-block wpforms-block-f27cfa25-a096-429c-a641-e1b11cacc5cd wpforms-render-modern\" id=\"wpforms-370\"><form id=\"wpforms-form-370\" class=\"wpforms-validate wpforms-form wpforms-ajax-form\" data-formid=\"370\" method=\"post\" enctype=\"multipart\/form-data\" action=\"\/en\/wp-json\/wp\/v2\/pages\/636\" data-token=\"4dd46719a9391b45035388feada39be8\" data-token-time=\"1776302297\"><noscript class=\"wpforms-error-noscript\">Please enable JavaScript in your browser to complete this form.<\/noscript><div id=\"wpforms-error-noscript\" style=\"display: none;\">Please enable JavaScript in your browser to complete this form.<\/div><div class=\"wpforms-field-container\"><div id=\"wpforms-370-field_1-container\" class=\"wpforms-field wpforms-field-name\" data-field-id=\"1\"><fieldset><legend class=\"wpforms-field-label\">Nom <span class=\"wpforms-required-label\" aria-hidden=\"true\">*<\/span><\/legend><div class=\"wpforms-field-row wpforms-field-medium\"><div class=\"wpforms-field-row-block wpforms-first wpforms-one-half\"><input type=\"text\" id=\"wpforms-370-field_1\" class=\"wpforms-field-name-first wpforms-field-required\" name=\"wpforms[fields][1][first]\" aria-errormessage=\"wpforms-370-field_1-error\" required><label for=\"wpforms-370-field_1\" class=\"wpforms-field-sublabel after\">First<\/label><\/div><div class=\"wpforms-field-row-block wpforms-one-half\"><input type=\"text\" id=\"wpforms-370-field_1-last\" class=\"wpforms-field-name-last wpforms-field-required\" name=\"wpforms[fields][1][last]\" aria-errormessage=\"wpforms-370-field_1-last-error\" required><label for=\"wpforms-370-field_1-last\" class=\"wpforms-field-sublabel after\">Last<\/label><\/div><\/div><\/fieldset><\/div><div id=\"wpforms-370-field_8-container\" class=\"wpforms-field wpforms-field-email\" data-field-id=\"8\"><label class=\"wpforms-field-label\" for=\"wpforms-370-field_8\">Email <span class=\"wpforms-required-label\" aria-hidden=\"true\">*<\/span><\/label><input type=\"email\" id=\"wpforms-370-field_8\" class=\"wpforms-field-medium wpforms-field-required\" name=\"wpforms[fields][8]\" spellcheck=\"false\" aria-errormessage=\"wpforms-370-field_8-error\" required><\/div><div id=\"wpforms-370-field_10-container\" class=\"wpforms-field wpforms-field-text\" data-field-id=\"10\"><label class=\"wpforms-field-label\" for=\"wpforms-370-field_10\">Num\u00e9ro de T\u00e9lephone:<\/label><input type=\"text\" id=\"wpforms-370-field_10\" class=\"wpforms-field-small\" name=\"wpforms[fields][10]\" aria-errormessage=\"wpforms-370-field_10-error\" ><\/div><div id=\"wpforms-370-field_7-container\" class=\"wpforms-field wpforms-field-textarea\" data-field-id=\"7\"><label class=\"wpforms-field-label\" for=\"wpforms-370-field_7\">Messages ou questions ? Veuillez pr\u00e9ciser vos besoins et les activit\u00e9s d\u00e9sertiques souhait\u00e9es.<\/label><textarea id=\"wpforms-370-field_7\" class=\"wpforms-field-medium\" name=\"wpforms[fields][7]\" aria-errormessage=\"wpforms-370-field_7-error\" ><\/textarea><\/div><\/div><!-- .wpforms-field-container --><div class=\"wpforms-submit-container\" ><input type=\"hidden\" name=\"wpforms[id]\" value=\"370\"><input type=\"hidden\" name=\"page_title\" value=\"\"><input type=\"hidden\" name=\"page_url\" value=\"https:\/\/visitergchegaga.com\/en\/wp-json\/wp\/v2\/pages\/636\"><input type=\"hidden\" name=\"url_referer\" value=\"\"><button type=\"submit\" name=\"wpforms[submit]\" id=\"wpforms-submit-370\" class=\"wpforms-submit\" data-alt-text=\"Envoi...\" data-submit-text=\"Envoyer le message\" aria-live=\"assertive\" value=\"wpforms-submit\">Envoyer le message<\/button><img loading=\"lazy\" decoding=\"async\" src=\"https:\/\/visitergchegaga.com\/wp-content\/plugins\/wpforms-lite\/assets\/images\/submit-spin.svg\" class=\"wpforms-submit-spinner\" style=\"display: none;\" width=\"26\" height=\"26\" alt=\"Loading\"><\/div><\/form><\/div>  <!-- .wpforms-container -->","protected":false},"excerpt":{"rendered":"<p>Discover tours and excursions to Erg Chegaga from Foum Zguid, Agadir, and Marrakech. Experience a unique adventure in the Moroccan desert with us.<\/p>\n","protected":false},"author":3,"featured_media":0,"parent":0,"menu_order":0,"comment_status":"closed","ping_status":"closed","template":"","meta":{"_joinchat":[],"footnotes":""},"class_list":["post-636","page","type-page","status-publish","hentry"],"yoast_head":"<!-- This site is optimized with the Yoast SEO plugin v25.7 - https:\/\/yoast.com\/wordpress\/plugins\/seo\/ -->\n<title>Contact - Visit Erg Chegaga<\/title>\n<meta name=\"robots\" content=\"index, follow, max-snippet:-1, max-image-preview:large, max-video-preview:-1\" \/>\n<link rel=\"canonical\" href=\"https:\/\/visitergchegaga.com\/en\/contact\/\" \/>\n<meta property=\"og:locale\" content=\"en_US\" \/>\n<meta property=\"og:type\" content=\"article\" \/>\n<meta property=\"og:title\" content=\"Contact - Visit Erg Chegaga\" \/>\n<meta property=\"og:description\" content=\"Discover tours and excursions to Erg Chegaga from Foum Zguid, Agadir, and Marrakech. Experience a unique adventure in the Moroccan desert with us.\" \/>\n<meta property=\"og:url\" content=\"https:\/\/visitergchegaga.com\/en\/contact\/\" \/>\n<meta property=\"og:site_name\" content=\"Visit Erg Chegaga\" \/>\n<meta property=\"article:modified_time\" content=\"2024-01-22T11:56:52+00:00\" \/>\n<meta name=\"twitter:card\" content=\"summary_large_image\" \/>\n<meta name=\"twitter:label1\" content=\"Est. reading time\" \/>\n\t<meta name=\"twitter:data1\" content=\"1 minute\" \/>\n<script type=\"application\/ld+json\" class=\"yoast-schema-graph\">{\"@context\":\"https:\/\/schema.org\",\"@graph\":[{\"@type\":\"WebPage\",\"@id\":\"https:\/\/visitergchegaga.com\/en\/contact\/\",\"url\":\"https:\/\/visitergchegaga.com\/en\/contact\/\",\"name\":\"Contact - Visit Erg Chegaga\",\"isPartOf\":{\"@id\":\"https:\/\/visitergchegaga.com\/en\/#website\"},\"datePublished\":\"2021-10-27T15:05:59+00:00\",\"dateModified\":\"2024-01-22T11:56:52+00:00\",\"inLanguage\":\"en-US\",\"potentialAction\":[{\"@type\":\"ReadAction\",\"target\":[\"https:\/\/visitergchegaga.com\/en\/contact\/\"]}]},{\"@type\":\"WebSite\",\"@id\":\"https:\/\/visitergchegaga.com\/en\/#website\",\"url\":\"https:\/\/visitergchegaga.com\/en\/\",\"name\":\"Visit Erg Chegaga\",\"description\":\"Excursion tours\",\"publisher\":{\"@id\":\"https:\/\/visitergchegaga.com\/en\/#organization\"},\"potentialAction\":[{\"@type\":\"SearchAction\",\"target\":{\"@type\":\"EntryPoint\",\"urlTemplate\":\"https:\/\/visitergchegaga.com\/en\/?s={search_term_string}\"},\"query-input\":{\"@type\":\"PropertyValueSpecification\",\"valueRequired\":true,\"valueName\":\"search_term_string\"}}],\"inLanguage\":\"en-US\"},{\"@type\":\"Organization\",\"@id\":\"https:\/\/visitergchegaga.com\/en\/#organization\",\"name\":\"Visit Erg Chegaga\",\"url\":\"https:\/\/visitergchegaga.com\/en\/\",\"logo\":{\"@type\":\"ImageObject\",\"inLanguage\":\"en-US\",\"@id\":\"https:\/\/visitergchegaga.com\/en\/#\/schema\/logo\/image\/\",\"url\":\"https:\/\/visitergchegaga.com\/wp-content\/uploads\/2024\/01\/cropped-Erg-Chegaga-1.png\",\"contentUrl\":\"https:\/\/visitergchegaga.com\/wp-content\/uploads\/2024\/01\/cropped-Erg-Chegaga-1.png\",\"width\":261,\"height\":104,\"caption\":\"Visit Erg Chegaga\"},\"image\":{\"@id\":\"https:\/\/visitergchegaga.com\/en\/#\/schema\/logo\/image\/\"}}]}<\/script>\n<!-- \/ Yoast SEO plugin. -->","yoast_head_json":{"title":"Contact - Visit Erg Chegaga","robots":{"index":"index","follow":"follow","max-snippet":"max-snippet:-1","max-image-preview":"max-image-preview:large","max-video-preview":"max-video-preview:-1"},"canonical":"https:\/\/visitergchegaga.com\/en\/contact\/","og_locale":"en_US","og_type":"article","og_title":"Contact - Visit Erg Chegaga","og_description":"Discover tours and excursions to Erg Chegaga from Foum Zguid, Agadir, and Marrakech. Experience a unique adventure in the Moroccan desert with us.","og_url":"https:\/\/visitergchegaga.com\/en\/contact\/","og_site_name":"Visit Erg Chegaga","article_modified_time":"2024-01-22T11:56:52+00:00","twitter_card":"summary_large_image","twitter_misc":{"Est. reading time":"1 minute"},"schema":{"@context":"https:\/\/schema.org","@graph":[{"@type":"WebPage","@id":"https:\/\/visitergchegaga.com\/en\/contact\/","url":"https:\/\/visitergchegaga.com\/en\/contact\/","name":"Contact - Visit Erg Chegaga","isPartOf":{"@id":"https:\/\/visitergchegaga.com\/en\/#website"},"datePublished":"2021-10-27T15:05:59+00:00","dateModified":"2024-01-22T11:56:52+00:00","inLanguage":"en-US","potentialAction":[{"@type":"ReadAction","target":["https:\/\/visitergchegaga.com\/en\/contact\/"]}]},{"@type":"WebSite","@id":"https:\/\/visitergchegaga.com\/en\/#website","url":"https:\/\/visitergchegaga.com\/en\/","name":"Visit Erg Chegaga","description":"Excursion tours","publisher":{"@id":"https:\/\/visitergchegaga.com\/en\/#organization"},"potentialAction":[{"@type":"SearchAction","target":{"@type":"EntryPoint","urlTemplate":"https:\/\/visitergchegaga.com\/en\/?s={search_term_string}"},"query-input":{"@type":"PropertyValueSpecification","valueRequired":true,"valueName":"search_term_string"}}],"inLanguage":"en-US"},{"@type":"Organization","@id":"https:\/\/visitergchegaga.com\/en\/#organization","name":"Visit Erg Chegaga","url":"https:\/\/visitergchegaga.com\/en\/","logo":{"@type":"ImageObject","inLanguage":"en-US","@id":"https:\/\/visitergchegaga.com\/en\/#\/schema\/logo\/image\/","url":"https:\/\/visitergchegaga.com\/wp-content\/uploads\/2024\/01\/cropped-Erg-Chegaga-1.png","contentUrl":"https:\/\/visitergchegaga.com\/wp-content\/uploads\/2024\/01\/cropped-Erg-Chegaga-1.png","width":261,"height":104,"caption":"Visit Erg Chegaga"},"image":{"@id":"https:\/\/visitergchegaga.com\/en\/#\/schema\/logo\/image\/"}}]}},"_links":{"self":[{"href":"https:\/\/visitergchegaga.com\/en\/wp-json\/wp\/v2\/pages\/636","targetHints":{"allow":["GET"]}}],"collection":[{"href":"https:\/\/visitergchegaga.com\/en\/wp-json\/wp\/v2\/pages"}],"about":[{"href":"https:\/\/visitergchegaga.com\/en\/wp-json\/wp\/v2\/types\/page"}],"author":[{"embeddable":true,"href":"https:\/\/visitergchegaga.com\/en\/wp-json\/wp\/v2\/users\/3"}],"replies":[{"embeddable":true,"href":"https:\/\/visitergchegaga.com\/en\/wp-json\/wp\/v2\/comments?post=636"}],"version-history":[{"count":2,"href":"https:\/\/visitergchegaga.com\/en\/wp-json\/wp\/v2\/pages\/636\/revisions"}],"predecessor-version":[{"id":672,"href":"https:\/\/visitergchegaga.com\/en\/wp-json\/wp\/v2\/pages\/636\/revisions\/672"}],"wp:attachment":[{"href":"https:\/\/visitergchegaga.com\/en\/wp-json\/wp\/v2\/media?parent=636"}],"curies":[{"name":"wp","href":"https:\/\/api.w.org\/{rel}","templated":true}]}}