{"id":638,"date":"2021-10-27T15:05:07","date_gmt":"2021-10-27T14:05:07","guid":{"rendered":"https:\/\/visitergchegaga.com\/home\/"},"modified":"2024-04-03T21:16:07","modified_gmt":"2024-04-03T20:16:07","slug":"erg-chegaga","status":"publish","type":"page","link":"https:\/\/visitergchegaga.com\/en\/","title":{"rendered":"Home"},"content":{"rendered":"\n<div id=\"block-a45779-a987-41\" class=\"wp-block-gutenbee-container block-a45779-a987-41\"><style>.wp-block-gutenbee-container.block-a45779-a987-41 { padding-right: 15px;  padding-left: 15px; }<\/style><div class=\"wp-block-gutenbee-container-inner\"><div class=\"wp-block-gutenbee-container-row wp-block-gutenbee-container-lg\">\n<div id=\"block-e04cca-bdd8-44\" class=\"wp-block-gutenbee-column block-e04cca-bdd8-44\"><style>.wp-block-gutenbee-column.block-e04cca-bdd8-44 { flex-basis: 100%; }\n\n\n      @media (max-width: 991px) {\n        .wp-block-gutenbee-column.block-e04cca-bdd8-44 { flex-basis: 100%; }\n      }\n    \n\n      @media (max-width: 575px) {\n        .wp-block-gutenbee-column.block-e04cca-bdd8-44 { flex-basis: 100%; }\n      }<\/style><div class=\"wp-block-gutenbee-column-content\"><div\n\tid=\"maxslider-711\"\n\tclass=\"ignition-slideshow ignition-slick-slider\"\n\tdata-autoslide=\"true\" data-effect=\"fade\" data-slide-speed=\"5000\" data-height=\"\" data-height_unit=\"px\" data-navigation=\"arrows\" data-navigation_fg_color=\"\" data-navigation_bg_color=\"\" data-image_size=\"maxslider_slide\" data-arrows=\"1\" data-arrows_fg_color=\"\" data-arrows_bg_color=\"\" >\n\t\t<div class=\"maxslider-slide maxslider-711-slide-0\">\n\t\t<div class=\"maxslider-slide-content maxslider-align-center maxslider-align-middle\">\n\t\t\t<div class=\"maxslider-slide-content-pad\">\n\t\t\t\t\t\t\t\t\t<h3 class=\"maxslider-slide-title\">\n\t\t\t\t\t\tTRIP FROM THE ATLAS DUNES TO ERG CHEGAGA\t\t\t\t\t<\/h3>\n\t\t\t\t\n\t\t\t\t\t\t\t\t\t<p class=\"maxslider-slide-subtitle\">\n\t\t\t\t\t\tAN EPIC JOURNEY INTO THE HEART OF THE MOROCCAN DESERT\t\t\t\t\t<\/p>\n\t\t\t\t\n\t\t\t\t\t\t\t\t\t<a href=\"https:\/\/visitergchegaga.com\/en\/portfolio\/from-the-atlas-dunes-to-erg-chegaga\/\" class=\"maxslider-btn maxslider-btn-default\">\n\t\t\t\t\t\tRead more\t\t\t\t\t<\/a>\n\t\t\t\t\t\t\t<\/div>\n\t\t<\/div>\n\t<\/div>\n\t<div class=\"maxslider-slide maxslider-711-slide-1\">\n\t\t<div class=\"maxslider-slide-content maxslider-align-center maxslider-align-middle\">\n\t\t\t<div class=\"maxslider-slide-content-pad\">\n\t\t\t\t\t\t\t\t\t<h3 class=\"maxslider-slide-title\">\n\t\t\t\t\t\tFROM FOUM ZGUID TO ERG CHEGAGA\t\t\t\t\t<\/h3>\n\t\t\t\t\n\t\t\t\t\t\t\t\t\t<p class=\"maxslider-slide-subtitle\">\n\t\t\t\t\t\tJOURNEY THROUGH THE SPLENDORS OF THE MOROCCAN DESERT\t\t\t\t\t<\/p>\n\t\t\t\t\n\t\t\t\t\t\t\t\t\t<a href=\"https:\/\/visitergchegaga.com\/en\/portfolio\/voyage-foum-zguid-a-erg-chegaga\/\" class=\"maxslider-btn maxslider-btn-default\">\n\t\t\t\t\t\tRead more\t\t\t\t\t<\/a>\n\t\t\t\t\t\t\t<\/div>\n\t\t<\/div>\n\t<\/div>\n<\/div>\n\n<\/div><\/div>\n<\/div><\/div><div class=\"wp-block-gutenbee-container-background\" data-parallax-speed=\"0.3\"><\/div><\/div>\n","protected":false},"excerpt":{"rendered":"","protected":false},"author":3,"featured_media":0,"parent":0,"menu_order":0,"comment_status":"closed","ping_status":"closed","template":"templates\/template-fullwidth.php","meta":{"_joinchat":[],"footnotes":""},"class_list":["post-638","page","type-page","status-publish","hentry"],"yoast_head":"<!-- This site is optimized with the Yoast SEO plugin v25.7 - https:\/\/yoast.com\/wordpress\/plugins\/seo\/ -->\n<title>Cooking Classes chez l&#039;habitant dans le D\u00e9sert d&#039;Agafay - Visit Erg Chegaga<\/title>\n<meta name=\"description\" content=\"Explorez le d\u00e9sert d&#039;Agafay: atelier de cuisine marocaine, activit\u00e9s d\u00e9sertiques, nuit\u00e9e locale. Une aventure culinaire unique!\" \/>\n<meta name=\"robots\" content=\"index, follow, max-snippet:-1, max-image-preview:large, max-video-preview:-1\" \/>\n<link rel=\"canonical\" href=\"https:\/\/visitergchegaga.com\/en\/\" \/>\n<meta property=\"og:locale\" content=\"en_US\" \/>\n<meta property=\"og:type\" content=\"article\" \/>\n<meta property=\"og:title\" content=\"Cooking Classes chez l&#039;habitant dans le D\u00e9sert d&#039;Agafay - Visit Erg Chegaga\" \/>\n<meta property=\"og:description\" content=\"Explorez le d\u00e9sert d&#039;Agafay: atelier de cuisine marocaine, activit\u00e9s d\u00e9sertiques, nuit\u00e9e locale. Une aventure culinaire unique!\" \/>\n<meta property=\"og:url\" content=\"https:\/\/visitergchegaga.com\/en\/\" \/>\n<meta property=\"og:site_name\" content=\"Visit Erg Chegaga\" \/>\n<meta property=\"article:modified_time\" content=\"2024-04-03T20:16:07+00:00\" \/>\n<meta name=\"twitter:card\" content=\"summary_large_image\" \/>\n<meta name=\"twitter:label1\" content=\"Est. reading time\" \/>\n\t<meta name=\"twitter:data1\" content=\"1 minute\" \/>\n<script type=\"application\/ld+json\" class=\"yoast-schema-graph\">{\"@context\":\"https:\/\/schema.org\",\"@graph\":[{\"@type\":\"WebPage\",\"@id\":\"https:\/\/visitergchegaga.com\/en\/\",\"url\":\"https:\/\/visitergchegaga.com\/en\/\",\"name\":\"Cooking Classes chez l'habitant dans le D\u00e9sert d'Agafay - Visit Erg Chegaga\",\"isPartOf\":{\"@id\":\"https:\/\/visitergchegaga.com\/en\/#website\"},\"datePublished\":\"2021-10-27T14:05:07+00:00\",\"dateModified\":\"2024-04-03T20:16:07+00:00\",\"description\":\"Explorez le d\u00e9sert d'Agafay: atelier de cuisine marocaine, activit\u00e9s d\u00e9sertiques, nuit\u00e9e locale. Une aventure culinaire unique!\",\"inLanguage\":\"en-US\",\"potentialAction\":[{\"@type\":\"ReadAction\",\"target\":[\"https:\/\/visitergchegaga.com\/en\/\"]}]},{\"@type\":\"WebSite\",\"@id\":\"https:\/\/visitergchegaga.com\/en\/#website\",\"url\":\"https:\/\/visitergchegaga.com\/en\/\",\"name\":\"Visit Erg Chegaga\",\"description\":\"Excursion tours\",\"publisher\":{\"@id\":\"https:\/\/visitergchegaga.com\/en\/#organization\"},\"potentialAction\":[{\"@type\":\"SearchAction\",\"target\":{\"@type\":\"EntryPoint\",\"urlTemplate\":\"https:\/\/visitergchegaga.com\/en\/?s={search_term_string}\"},\"query-input\":{\"@type\":\"PropertyValueSpecification\",\"valueRequired\":true,\"valueName\":\"search_term_string\"}}],\"inLanguage\":\"en-US\"},{\"@type\":\"Organization\",\"@id\":\"https:\/\/visitergchegaga.com\/en\/#organization\",\"name\":\"Visit Erg Chegaga\",\"url\":\"https:\/\/visitergchegaga.com\/en\/\",\"logo\":{\"@type\":\"ImageObject\",\"inLanguage\":\"en-US\",\"@id\":\"https:\/\/visitergchegaga.com\/en\/#\/schema\/logo\/image\/\",\"url\":\"https:\/\/visitergchegaga.com\/wp-content\/uploads\/2024\/01\/cropped-Erg-Chegaga-1.png\",\"contentUrl\":\"https:\/\/visitergchegaga.com\/wp-content\/uploads\/2024\/01\/cropped-Erg-Chegaga-1.png\",\"width\":261,\"height\":104,\"caption\":\"Visit Erg Chegaga\"},\"image\":{\"@id\":\"https:\/\/visitergchegaga.com\/en\/#\/schema\/logo\/image\/\"}}]}<\/script>\n<!-- \/ Yoast SEO plugin. -->","yoast_head_json":{"title":"Cooking Classes chez l'habitant dans le D\u00e9sert d'Agafay - Visit Erg Chegaga","description":"Explorez le d\u00e9sert d'Agafay: atelier de cuisine marocaine, activit\u00e9s d\u00e9sertiques, nuit\u00e9e locale. Une aventure culinaire unique!","robots":{"index":"index","follow":"follow","max-snippet":"max-snippet:-1","max-image-preview":"max-image-preview:large","max-video-preview":"max-video-preview:-1"},"canonical":"https:\/\/visitergchegaga.com\/en\/","og_locale":"en_US","og_type":"article","og_title":"Cooking Classes chez l'habitant dans le D\u00e9sert d'Agafay - Visit Erg Chegaga","og_description":"Explorez le d\u00e9sert d'Agafay: atelier de cuisine marocaine, activit\u00e9s d\u00e9sertiques, nuit\u00e9e locale. Une aventure culinaire unique!","og_url":"https:\/\/visitergchegaga.com\/en\/","og_site_name":"Visit Erg Chegaga","article_modified_time":"2024-04-03T20:16:07+00:00","twitter_card":"summary_large_image","twitter_misc":{"Est. reading time":"1 minute"},"schema":{"@context":"https:\/\/schema.org","@graph":[{"@type":"WebPage","@id":"https:\/\/visitergchegaga.com\/en\/","url":"https:\/\/visitergchegaga.com\/en\/","name":"Cooking Classes chez l'habitant dans le D\u00e9sert d'Agafay - Visit Erg Chegaga","isPartOf":{"@id":"https:\/\/visitergchegaga.com\/en\/#website"},"datePublished":"2021-10-27T14:05:07+00:00","dateModified":"2024-04-03T20:16:07+00:00","description":"Explorez le d\u00e9sert d'Agafay: atelier de cuisine marocaine, activit\u00e9s d\u00e9sertiques, nuit\u00e9e locale. Une aventure culinaire unique!","inLanguage":"en-US","potentialAction":[{"@type":"ReadAction","target":["https:\/\/visitergchegaga.com\/en\/"]}]},{"@type":"WebSite","@id":"https:\/\/visitergchegaga.com\/en\/#website","url":"https:\/\/visitergchegaga.com\/en\/","name":"Visit Erg Chegaga","description":"Excursion tours","publisher":{"@id":"https:\/\/visitergchegaga.com\/en\/#organization"},"potentialAction":[{"@type":"SearchAction","target":{"@type":"EntryPoint","urlTemplate":"https:\/\/visitergchegaga.com\/en\/?s={search_term_string}"},"query-input":{"@type":"PropertyValueSpecification","valueRequired":true,"valueName":"search_term_string"}}],"inLanguage":"en-US"},{"@type":"Organization","@id":"https:\/\/visitergchegaga.com\/en\/#organization","name":"Visit Erg Chegaga","url":"https:\/\/visitergchegaga.com\/en\/","logo":{"@type":"ImageObject","inLanguage":"en-US","@id":"https:\/\/visitergchegaga.com\/en\/#\/schema\/logo\/image\/","url":"https:\/\/visitergchegaga.com\/wp-content\/uploads\/2024\/01\/cropped-Erg-Chegaga-1.png","contentUrl":"https:\/\/visitergchegaga.com\/wp-content\/uploads\/2024\/01\/cropped-Erg-Chegaga-1.png","width":261,"height":104,"caption":"Visit Erg Chegaga"},"image":{"@id":"https:\/\/visitergchegaga.com\/en\/#\/schema\/logo\/image\/"}}]}},"_links":{"self":[{"href":"https:\/\/visitergchegaga.com\/en\/wp-json\/wp\/v2\/pages\/638","targetHints":{"allow":["GET"]}}],"collection":[{"href":"https:\/\/visitergchegaga.com\/en\/wp-json\/wp\/v2\/pages"}],"about":[{"href":"https:\/\/visitergchegaga.com\/en\/wp-json\/wp\/v2\/types\/page"}],"author":[{"embeddable":true,"href":"https:\/\/visitergchegaga.com\/en\/wp-json\/wp\/v2\/users\/3"}],"replies":[{"embeddable":true,"href":"https:\/\/visitergchegaga.com\/en\/wp-json\/wp\/v2\/comments?post=638"}],"version-history":[{"count":2,"href":"https:\/\/visitergchegaga.com\/en\/wp-json\/wp\/v2\/pages\/638\/revisions"}],"predecessor-version":[{"id":715,"href":"https:\/\/visitergchegaga.com\/en\/wp-json\/wp\/v2\/pages\/638\/revisions\/715"}],"wp:attachment":[{"href":"https:\/\/visitergchegaga.com\/en\/wp-json\/wp\/v2\/media?parent=638"}],"curies":[{"name":"wp","href":"https:\/\/api.w.org\/{rel}","templated":true}]}}