{"id":673,"date":"2021-11-08T12:53:40","date_gmt":"2021-11-08T12:53:40","guid":{"rendered":"https:\/\/visitergchegaga.com\/circuits-erg-chegaga\/"},"modified":"2024-01-22T12:48:09","modified_gmt":"2024-01-22T12:48:09","slug":"erg-chegaga-tours","status":"publish","type":"page","link":"https:\/\/visitergchegaga.com\/en\/erg-chegaga-tours\/","title":{"rendered":"our activities in erg chegaga"},"content":{"rendered":"<div\n\t\t\t\tid=\"block-7d0b18-4574-44\"\n\t\t\t\tclass=\"wp-block-gutenbee-post-types block-7d0b18-4574-44 is-style-default\"\n\t\t\t\t\t\t\t>\t\t<div class=\"ci-item-filters\">\n\t\t\t<button class=\"ci-item-filter filter-active\" data-filter=\"*\">\n\t\t\t\tAll\t\t\t<\/button>\n\n\t\t\t\t\t\t\t\t\t\t\t\t<button class=\"ci-item-filter\" data-filter=\".term-69\">Camel Ride<\/button>\n\t\t\t\t\t\t\t\t\t<button class=\"ci-item-filter\" data-filter=\".term-72\">Excursions<\/button>\n\t\t\t\t\t\t\t\t\t<button class=\"ci-item-filter\" data-filter=\".term-71\">Tours<\/button>\n\t\t\t\t\t\t\t\t\t<\/div>\n\t\t<div class=\"row row-items row-columns-2\">\t\t\t\t<div class=\"tours term-71 col-sm-6 col-12\">\n<div id=\"entry-item-678\" class=\"entry-item post-678 ignition-portfolio type-ignition-portfolio status-publish has-post-thumbnail hentry ignition_portfolio_category-tours\">\n\t\t\t<figure class=\"entry-item-thumb\">\n\t\t\t<a href=\"https:\/\/visitergchegaga.com\/en\/portfolio\/voyage-foum-zguid-a-erg-chegaga\/\">\n\t\t\t\t<img loading=\"lazy\" decoding=\"async\" width=\"620\" height=\"415\" src=\"https:\/\/visitergchegaga.com\/wp-content\/uploads\/2021\/10\/foum-zguid-to-erg-chegaga-morocco-620x415.jpg\" class=\"attachment-ignition_item size-ignition_item wp-post-image\" alt=\"\" \/>\t\t\t<\/a>\n\t\t<\/figure>\n\t\n\t<div class=\"entry-item-content\">\n\t\t<h2 class=\"entry-item-title\"><a href=\"https:\/\/visitergchegaga.com\/en\/portfolio\/voyage-foum-zguid-a-erg-chegaga\/\">Journey Through the Splendors of the Moroccan Desert: From Foum Zguid to Erg Chegaga<\/a><\/h2>\n\t\t<div class=\"entry-item-excerpt\"><a href=\"https:\/\/visitergchegaga.com\/en\/portfolio-category\/tours\/\" rel=\"tag\">Tours<\/a><\/div>\n\t\t<a href=\"https:\/\/visitergchegaga.com\/en\/portfolio\/voyage-foum-zguid-a-erg-chegaga\/\" class=\"btn btn-entry-more\">\n\t\t\tLearn more\t\t<\/a>\n\t<\/div>\n<\/div>\n<\/div>\t\t\t\t<div class=\"tours term-71 col-sm-6 col-12\">\n<div id=\"entry-item-681\" class=\"entry-item post-681 ignition-portfolio type-ignition-portfolio status-publish has-post-thumbnail hentry ignition_portfolio_category-tours\">\n\t\t\t<figure class=\"entry-item-thumb\">\n\t\t\t<a href=\"https:\/\/visitergchegaga.com\/en\/portfolio\/from-the-atlas-dunes-to-erg-chegaga\/\">\n\t\t\t\t<img loading=\"lazy\" decoding=\"async\" width=\"620\" height=\"415\" src=\"https:\/\/visitergchegaga.com\/wp-content\/uploads\/2021\/10\/4foum-zguid1-620x415.png\" class=\"attachment-ignition_item size-ignition_item wp-post-image\" alt=\"\" srcset=\"https:\/\/visitergchegaga.com\/wp-content\/uploads\/2021\/10\/4foum-zguid1-620x415.png 620w, https:\/\/visitergchegaga.com\/wp-content\/uploads\/2021\/10\/4foum-zguid1-300x200.png 300w, https:\/\/visitergchegaga.com\/wp-content\/uploads\/2021\/10\/4foum-zguid1-1024x683.png 1024w\" sizes=\"auto, (max-width: 620px) 100vw, 620px\" \/>\t\t\t<\/a>\n\t\t<\/figure>\n\t\n\t<div class=\"entry-item-content\">\n\t\t<h2 class=\"entry-item-title\"><a href=\"https:\/\/visitergchegaga.com\/en\/portfolio\/from-the-atlas-dunes-to-erg-chegaga\/\">From the Atlas Dunes to Erg Chegaga: An Epic Journey into the Heart of the Moroccan Desert<\/a><\/h2>\n\t\t<div class=\"entry-item-excerpt\"><a href=\"https:\/\/visitergchegaga.com\/en\/portfolio-category\/tours\/\" rel=\"tag\">Tours<\/a><\/div>\n\t\t<a href=\"https:\/\/visitergchegaga.com\/en\/portfolio\/from-the-atlas-dunes-to-erg-chegaga\/\" class=\"btn btn-entry-more\">\n\t\t\tLearn more\t\t<\/a>\n\t<\/div>\n<\/div>\n<\/div>\t\t\t\t<div class=\"camel-ride excursions term-69 term-72 col-sm-6 col-12\">\n<div id=\"entry-item-679\" class=\"entry-item post-679 ignition-portfolio type-ignition-portfolio status-publish has-post-thumbnail hentry ignition_portfolio_category-camel-ride ignition_portfolio_category-excursions\">\n\t\t\t<figure class=\"entry-item-thumb\">\n\t\t\t<a href=\"https:\/\/visitergchegaga.com\/en\/portfolio\/desert-odyssey-from-ouarzazate-to-the-dunes-of-erg-chegaga\/\">\n\t\t\t\t<img loading=\"lazy\" decoding=\"async\" width=\"620\" height=\"415\" src=\"https:\/\/visitergchegaga.com\/wp-content\/uploads\/2021\/10\/ouarzazat5-620x415.png\" class=\"attachment-ignition_item size-ignition_item wp-post-image\" alt=\"\" srcset=\"https:\/\/visitergchegaga.com\/wp-content\/uploads\/2021\/10\/ouarzazat5-620x415.png 620w, https:\/\/visitergchegaga.com\/wp-content\/uploads\/2021\/10\/ouarzazat5-300x200.png 300w, https:\/\/visitergchegaga.com\/wp-content\/uploads\/2021\/10\/ouarzazat5-1024x683.png 1024w\" sizes=\"auto, (max-width: 620px) 100vw, 620px\" \/>\t\t\t<\/a>\n\t\t<\/figure>\n\t\n\t<div class=\"entry-item-content\">\n\t\t<h2 class=\"entry-item-title\"><a href=\"https:\/\/visitergchegaga.com\/en\/portfolio\/desert-odyssey-from-ouarzazate-to-the-dunes-of-erg-chegaga\/\">DESERT ODYSSEY: FROM OUARZAZATE TO THE DUNES OF ERG CHEGAGA<\/a><\/h2>\n\t\t<div class=\"entry-item-excerpt\"><a href=\"https:\/\/visitergchegaga.com\/en\/portfolio-category\/camel-ride\/\" rel=\"tag\">Camel Ride<\/a>, <a href=\"https:\/\/visitergchegaga.com\/en\/portfolio-category\/excursions\/\" rel=\"tag\">Excursions<\/a><\/div>\n\t\t<a href=\"https:\/\/visitergchegaga.com\/en\/portfolio\/desert-odyssey-from-ouarzazate-to-the-dunes-of-erg-chegaga\/\" class=\"btn btn-entry-more\">\n\t\t\tLearn more\t\t<\/a>\n\t<\/div>\n<\/div>\n<\/div>\t\t\t\t<div class=\"camel-ride tours term-69 term-71 col-sm-6 col-12\">\n<div id=\"entry-item-680\" class=\"entry-item post-680 ignition-portfolio type-ignition-portfolio status-publish has-post-thumbnail hentry ignition_portfolio_category-camel-ride ignition_portfolio_category-tours\">\n\t\t\t<figure class=\"entry-item-thumb\">\n\t\t\t<a href=\"https:\/\/visitergchegaga.com\/en\/portfolio\/crossing-from-agadir-to-the-enchanting-dunes-of-erg-chegaga\/\">\n\t\t\t\t<img loading=\"lazy\" decoding=\"async\" width=\"620\" height=\"415\" src=\"https:\/\/visitergchegaga.com\/wp-content\/uploads\/2021\/10\/agadir6-620x415.png\" class=\"attachment-ignition_item size-ignition_item wp-post-image\" alt=\"\" srcset=\"https:\/\/visitergchegaga.com\/wp-content\/uploads\/2021\/10\/agadir6-620x415.png 620w, https:\/\/visitergchegaga.com\/wp-content\/uploads\/2021\/10\/agadir6-300x200.png 300w, https:\/\/visitergchegaga.com\/wp-content\/uploads\/2021\/10\/agadir6-1024x683.png 1024w\" sizes=\"auto, (max-width: 620px) 100vw, 620px\" \/>\t\t\t<\/a>\n\t\t<\/figure>\n\t\n\t<div class=\"entry-item-content\">\n\t\t<h2 class=\"entry-item-title\"><a href=\"https:\/\/visitergchegaga.com\/en\/portfolio\/crossing-from-agadir-to-the-enchanting-dunes-of-erg-chegaga\/\">From the Mountains to the Sea: Crossing from Agadir to the Enchanting Dunes of Erg Chegaga<\/a><\/h2>\n\t\t<div class=\"entry-item-excerpt\"><a href=\"https:\/\/visitergchegaga.com\/en\/portfolio-category\/camel-ride\/\" rel=\"tag\">Camel Ride<\/a>, <a href=\"https:\/\/visitergchegaga.com\/en\/portfolio-category\/tours\/\" rel=\"tag\">Tours<\/a><\/div>\n\t\t<a href=\"https:\/\/visitergchegaga.com\/en\/portfolio\/crossing-from-agadir-to-the-enchanting-dunes-of-erg-chegaga\/\" class=\"btn btn-entry-more\">\n\t\t\tLearn more\t\t<\/a>\n\t<\/div>\n<\/div>\n<\/div><\/div><\/div>","protected":false},"excerpt":{"rendered":"","protected":false},"author":3,"featured_media":0,"parent":0,"menu_order":0,"comment_status":"closed","ping_status":"closed","template":"templates\/template-fullwidth-boxed.php","meta":{"_joinchat":[],"footnotes":""},"class_list":["post-673","page","type-page","status-publish","hentry"],"yoast_head":"<!-- This site is optimized with the Yoast SEO plugin v25.7 - https:\/\/yoast.com\/wordpress\/plugins\/seo\/ -->\n<title>Activit\u00e9s Uniques \u00e0 Agafay - Cuisine, Quad, Dromadaires - Visit Erg Chegaga<\/title>\n<meta name=\"description\" content=\"D\u00e9couvrez Agafay: cours de cuisine, balades en quad, dromadaires, et s\u00e9jours authentiques. Une aventure marocaine inoubliable chez Nawal\" \/>\n<meta name=\"robots\" content=\"index, follow, max-snippet:-1, max-image-preview:large, max-video-preview:-1\" \/>\n<link rel=\"canonical\" href=\"https:\/\/visitergchegaga.com\/en\/erg-chegaga-tours\/\" \/>\n<meta property=\"og:locale\" content=\"en_US\" \/>\n<meta property=\"og:type\" content=\"article\" \/>\n<meta property=\"og:title\" content=\"Activit\u00e9s Uniques \u00e0 Agafay - Cuisine, Quad, Dromadaires - Visit Erg Chegaga\" \/>\n<meta property=\"og:description\" content=\"D\u00e9couvrez Agafay: cours de cuisine, balades en quad, dromadaires, et s\u00e9jours authentiques. Une aventure marocaine inoubliable chez Nawal\" \/>\n<meta property=\"og:url\" content=\"https:\/\/visitergchegaga.com\/en\/erg-chegaga-tours\/\" \/>\n<meta property=\"og:site_name\" content=\"Visit Erg Chegaga\" \/>\n<meta property=\"article:modified_time\" content=\"2024-01-22T12:48:09+00:00\" \/>\n<meta name=\"twitter:card\" content=\"summary_large_image\" \/>\n<script type=\"application\/ld+json\" class=\"yoast-schema-graph\">{\"@context\":\"https:\/\/schema.org\",\"@graph\":[{\"@type\":\"WebPage\",\"@id\":\"https:\/\/visitergchegaga.com\/en\/erg-chegaga-tours\/\",\"url\":\"https:\/\/visitergchegaga.com\/en\/erg-chegaga-tours\/\",\"name\":\"Activit\u00e9s Uniques \u00e0 Agafay - Cuisine, Quad, Dromadaires - Visit Erg Chegaga\",\"isPartOf\":{\"@id\":\"https:\/\/visitergchegaga.com\/en\/#website\"},\"datePublished\":\"2021-11-08T12:53:40+00:00\",\"dateModified\":\"2024-01-22T12:48:09+00:00\",\"description\":\"D\u00e9couvrez Agafay: cours de cuisine, balades en quad, dromadaires, et s\u00e9jours authentiques. Une aventure marocaine inoubliable chez Nawal\",\"inLanguage\":\"en-US\",\"potentialAction\":[{\"@type\":\"ReadAction\",\"target\":[\"https:\/\/visitergchegaga.com\/en\/erg-chegaga-tours\/\"]}]},{\"@type\":\"WebSite\",\"@id\":\"https:\/\/visitergchegaga.com\/en\/#website\",\"url\":\"https:\/\/visitergchegaga.com\/en\/\",\"name\":\"Visit Erg Chegaga\",\"description\":\"Excursion tours\",\"publisher\":{\"@id\":\"https:\/\/visitergchegaga.com\/en\/#organization\"},\"potentialAction\":[{\"@type\":\"SearchAction\",\"target\":{\"@type\":\"EntryPoint\",\"urlTemplate\":\"https:\/\/visitergchegaga.com\/en\/?s={search_term_string}\"},\"query-input\":{\"@type\":\"PropertyValueSpecification\",\"valueRequired\":true,\"valueName\":\"search_term_string\"}}],\"inLanguage\":\"en-US\"},{\"@type\":\"Organization\",\"@id\":\"https:\/\/visitergchegaga.com\/en\/#organization\",\"name\":\"Visit Erg Chegaga\",\"url\":\"https:\/\/visitergchegaga.com\/en\/\",\"logo\":{\"@type\":\"ImageObject\",\"inLanguage\":\"en-US\",\"@id\":\"https:\/\/visitergchegaga.com\/en\/#\/schema\/logo\/image\/\",\"url\":\"https:\/\/visitergchegaga.com\/wp-content\/uploads\/2024\/01\/cropped-Erg-Chegaga-1.png\",\"contentUrl\":\"https:\/\/visitergchegaga.com\/wp-content\/uploads\/2024\/01\/cropped-Erg-Chegaga-1.png\",\"width\":261,\"height\":104,\"caption\":\"Visit Erg Chegaga\"},\"image\":{\"@id\":\"https:\/\/visitergchegaga.com\/en\/#\/schema\/logo\/image\/\"}}]}<\/script>\n<!-- \/ Yoast SEO plugin. -->","yoast_head_json":{"title":"Activit\u00e9s Uniques \u00e0 Agafay - Cuisine, Quad, Dromadaires - Visit Erg Chegaga","description":"D\u00e9couvrez Agafay: cours de cuisine, balades en quad, dromadaires, et s\u00e9jours authentiques. Une aventure marocaine inoubliable chez Nawal","robots":{"index":"index","follow":"follow","max-snippet":"max-snippet:-1","max-image-preview":"max-image-preview:large","max-video-preview":"max-video-preview:-1"},"canonical":"https:\/\/visitergchegaga.com\/en\/erg-chegaga-tours\/","og_locale":"en_US","og_type":"article","og_title":"Activit\u00e9s Uniques \u00e0 Agafay - Cuisine, Quad, Dromadaires - Visit Erg Chegaga","og_description":"D\u00e9couvrez Agafay: cours de cuisine, balades en quad, dromadaires, et s\u00e9jours authentiques. Une aventure marocaine inoubliable chez Nawal","og_url":"https:\/\/visitergchegaga.com\/en\/erg-chegaga-tours\/","og_site_name":"Visit Erg Chegaga","article_modified_time":"2024-01-22T12:48:09+00:00","twitter_card":"summary_large_image","schema":{"@context":"https:\/\/schema.org","@graph":[{"@type":"WebPage","@id":"https:\/\/visitergchegaga.com\/en\/erg-chegaga-tours\/","url":"https:\/\/visitergchegaga.com\/en\/erg-chegaga-tours\/","name":"Activit\u00e9s Uniques \u00e0 Agafay - Cuisine, Quad, Dromadaires - Visit Erg Chegaga","isPartOf":{"@id":"https:\/\/visitergchegaga.com\/en\/#website"},"datePublished":"2021-11-08T12:53:40+00:00","dateModified":"2024-01-22T12:48:09+00:00","description":"D\u00e9couvrez Agafay: cours de cuisine, balades en quad, dromadaires, et s\u00e9jours authentiques. Une aventure marocaine inoubliable chez Nawal","inLanguage":"en-US","potentialAction":[{"@type":"ReadAction","target":["https:\/\/visitergchegaga.com\/en\/erg-chegaga-tours\/"]}]},{"@type":"WebSite","@id":"https:\/\/visitergchegaga.com\/en\/#website","url":"https:\/\/visitergchegaga.com\/en\/","name":"Visit Erg Chegaga","description":"Excursion tours","publisher":{"@id":"https:\/\/visitergchegaga.com\/en\/#organization"},"potentialAction":[{"@type":"SearchAction","target":{"@type":"EntryPoint","urlTemplate":"https:\/\/visitergchegaga.com\/en\/?s={search_term_string}"},"query-input":{"@type":"PropertyValueSpecification","valueRequired":true,"valueName":"search_term_string"}}],"inLanguage":"en-US"},{"@type":"Organization","@id":"https:\/\/visitergchegaga.com\/en\/#organization","name":"Visit Erg Chegaga","url":"https:\/\/visitergchegaga.com\/en\/","logo":{"@type":"ImageObject","inLanguage":"en-US","@id":"https:\/\/visitergchegaga.com\/en\/#\/schema\/logo\/image\/","url":"https:\/\/visitergchegaga.com\/wp-content\/uploads\/2024\/01\/cropped-Erg-Chegaga-1.png","contentUrl":"https:\/\/visitergchegaga.com\/wp-content\/uploads\/2024\/01\/cropped-Erg-Chegaga-1.png","width":261,"height":104,"caption":"Visit Erg Chegaga"},"image":{"@id":"https:\/\/visitergchegaga.com\/en\/#\/schema\/logo\/image\/"}}]}},"_links":{"self":[{"href":"https:\/\/visitergchegaga.com\/en\/wp-json\/wp\/v2\/pages\/673","targetHints":{"allow":["GET"]}}],"collection":[{"href":"https:\/\/visitergchegaga.com\/en\/wp-json\/wp\/v2\/pages"}],"about":[{"href":"https:\/\/visitergchegaga.com\/en\/wp-json\/wp\/v2\/types\/page"}],"author":[{"embeddable":true,"href":"https:\/\/visitergchegaga.com\/en\/wp-json\/wp\/v2\/users\/3"}],"replies":[{"embeddable":true,"href":"https:\/\/visitergchegaga.com\/en\/wp-json\/wp\/v2\/comments?post=673"}],"version-history":[{"count":4,"href":"https:\/\/visitergchegaga.com\/en\/wp-json\/wp\/v2\/pages\/673\/revisions"}],"predecessor-version":[{"id":677,"href":"https:\/\/visitergchegaga.com\/en\/wp-json\/wp\/v2\/pages\/673\/revisions\/677"}],"wp:attachment":[{"href":"https:\/\/visitergchegaga.com\/en\/wp-json\/wp\/v2\/media?parent=673"}],"curies":[{"name":"wp","href":"https:\/\/api.w.org\/{rel}","templated":true}]}}